{"id":2295,"date":"2024-12-26T15:06:30","date_gmt":"2024-12-26T15:06:30","guid":{"rendered":"https:\/\/ocwarchitects.4vertice.com\/?page_id=2295"},"modified":"2025-03-11T14:47:57","modified_gmt":"2025-03-11T14:47:57","slug":"cookies","status":"publish","type":"page","link":"https:\/\/ocwarchitects.com\/en\/cookies\/","title":{"rendered":"Cookies"},"content":{"rendered":"<div data-elementor-type=\"wp-page\" data-elementor-id=\"2295\" class=\"elementor elementor-2295\" data-elementor-post-type=\"page\">\n\t\t\t\t<div class=\"has_eae_slider elementor-element elementor-element-aadaa06 e-flex e-con-boxed e-con e-parent\" data-eae-slider=\"27157\" data-id=\"aadaa06\" data-element_type=\"container\">\n\t\t\t\t\t<div class=\"e-con-inner\">\n\t\t\t\t<div class=\"elementor-element elementor-element-9c5f51d elementor-widget elementor-widget-heading\" data-id=\"9c5f51d\" data-element_type=\"widget\" data-widget_type=\"heading.default\">\n\t\t\t\t<div class=\"elementor-widget-container\">\n\t\t\t\t\t<h3 class=\"elementor-heading-title elementor-size-default\">Cookie Policy<\/h3>\t\t\t\t<\/div>\n\t\t\t\t<\/div>\n\t\t\t\t<div class=\"elementor-element elementor-element-23b218ee elementor-widget elementor-widget-text-editor\" data-id=\"23b218ee\" data-element_type=\"widget\" data-widget_type=\"text-editor.default\">\n\t\t\t\t<div class=\"elementor-widget-container\">\n\t\t\t\t\t\t\t\t\t\n<h4 class=\"wp-block-heading\"><strong><b>Data controller:<\/b><\/strong><\/h4>\n<p>OCWARCHITECTS SLP, with registered office at Calle Miguel \u00c1ngel Catal\u00e1n Sa\u00f1udo, Local 10, MARBELLA M\u00c1LAGA.<\/p>\n<p><strong><b>Contact Data Protection Officer:<\/b><\/strong>\u00a0INFO@OCWARCHITECTS.COM.<\/p>\n<p>Access to this Website may involve the use of cookies. In this Cookie Policy you will find the description and purpose of each of the cookies used, as well as their name, the sending server, their expiration date and, in some cases, the existence of international data transfer.<\/p>\n<p>The legitimacy for the use of strictly functional cookies is given because the treatment is necessary for compliance with a legal obligation in accordance with Law 34\/2002 on Information Society Services and Electronic Commerce.<\/p>\n<p>The legitimacy for the use of cookies for analytical purposes of optimizing the personalization of behavioral advertising and assessment is based on the consent requested, in accordance with Article 6.1.a) of Regulation (EU) 2017\/679.<\/p>\n<p>At OCWARCHITECTS SLP we use cookies in order to provide a better service and give you a better browsing experience. We want to inform you clearly and precisely about the cookies we use, detailing below; what a cookie is, what it is used for, what types of cookies we use, what their purpose is and how you can configure or disable them if you wish.<\/p>\n<h4><strong><b>What is a cookie and what is it used for?<\/b><\/strong><\/h4>\n<p>Cookies are small amounts of information that are stored in the browser used by each User \u2014 on the different devices that may be used to browse \u2014 so that the server remembers certain information that will subsequently be read only by the server that implemented it. Cookies facilitate browsing, make it more intuitive, and do not damage the browsing device.<\/p>\n<p>Cookies are automatic procedures for collecting information relating to the preferences determined by the User during his visit to the Website in order to recognise him as a User, and personalise his experience and use of the Website, and may also, for example, help to identify and resolve errors.<\/p>\n<p>The information collected through cookies may include the date and time of visits to the Website, the pages viewed, the time spent on the Website and the sites visited just before and after the visit. However, no cookie can be linked to the User's telephone number or any other means of personal contact. No cookie can extract information from the User's hard drive or steal personal information. The only way for the User's private information to be part of the Cookie file is for the User to personally provide that information to the server.<\/p>\n<p>Cookies that allow a person to be identified are considered personal data. Therefore, the Privacy Policy (link) described above will apply to them. In this sense, the User's consent will be required for their use. This consent will be communicated, based on an authentic choice, offered through an affirmative and positive decision, before the initial, removable and documented treatment.<\/p>\n<h4><strong><b>What types of cookies do we use?<\/b><\/strong><\/h4>\n<h4><strong>According to the entity that manages them<\/strong><\/h4>\n<h4><strong><b>Own cookies<\/b><\/strong><\/h4>\n<p>These are cookies that are sent to the User's computer or device and managed exclusively by for the best operation of the Website. The information collected is used to improve the quality of the Website and its Content and your experience as a User. These cookies allow the User to be recognized as a recurring visitor to the Website and to adapt the content to offer content that suits their preferences.<\/p>\n<h4><strong><b>Third party cookies<\/b><\/strong><\/h4>\n<p>These are cookies used and managed by external entities that provide services requested by the Website to improve the Website and the user's experience when browsing the Website. The main purposes for which third-party cookies are used are to obtain access statistics and analyze navigation information, that is, how the User interacts with the Website.<\/p>\n<h4><strong><b>According to its purpose<\/b><\/strong><\/h4>\n<h4><strong><b>Strictly necessary<\/b><\/strong><\/h4>\n<p>These cookies are necessary to facilitate proper navigation through our website and ensure that the content is loaded efficiently, allowing the correct use of the different options or services that exist therein, such as making the purchase process or controlling fraud linked to the security of the service. Analytical and aggregate cookies are included to count site traffic and pages visited.<\/p>\n<h4><strong><b>Analytics and optimization<\/b><\/strong><\/h4>\n<p>These cookies are our own or from third parties and allow us to optimize your experience on the website by evaluating its performance and improving it by adding new features.<\/p>\n<h4><strong><b>Personalization<\/b><\/strong><\/h4>\n<p>They allow us to save user preference information to improve the quality of our services and to offer a better experience through recommended products. Some may be multi-device.<\/p>\n<h4><strong><b>Behavioral advertising<\/b><\/strong><\/h4>\n<p>These cookies are used to store information about user behavior obtained through continuous observation. Thanks to them, we can learn about browsing habits on the website and display advertising related to your browsing profile.<\/p>\n<h4><strong><b>Assessment<\/b><\/strong><\/h4>\n<p>Generates anonymous identifiers for the correct functioning of customer reviews on purchased products.<\/p>\n<h4><strong><b>Transfer of cookies<\/b><\/strong><\/h4>\n<p>These cookies allow data derived from behavioural advertising cookies to be shared with third-party providers of OCWARCHITECTS SLP so that they can personalise their digital advertising on websites, social networks and any digital medium that allows this.<\/p>\n<h4><strong><b>How long will we retain the information?<\/b><\/strong><\/h4>\n<p>We will retain the information for as long as it is necessary to provide the requested service, until you state your objection or until you revoke your consent. In these cases, the information will be duly blocked and we will not be able to use it for as long as it is necessary to exercise or defend legal or contractual claims. After this period of time, your data will be permanently deleted.<\/p>\n<p>In cases where we collect data automatically through cookies, please note that some may be installed for years. However, you can limit their use over time by deleting them from your browsers or devices.<\/p>\n<h4><strong><b>How can you configure or disable your cookies?<\/b><\/strong><\/h4>\n<p>The User may allow, reject and delete cookies \u2013 in whole or in part \u2013 installed on his or her device by configuring his or her browser (including, for example, Chrome, Firefox, Safari, Explorer). In this regard, the procedures for rejecting and deleting cookies may differ from one Internet browser to another. Consequently, the User must follow the instructions provided by the Internet browser he or she is using. In the event that he or she rejects the use of cookies \u2013 in whole or in part \u2013 he or she may continue to use the Website, although the use of some of its features may be limited.<\/p>\n<h4><strong><b>Data protection<\/b><\/strong><\/h4>\n<p>When you browse the website we may process your personal data. For more information about our<\/p>\n<p>Data Protection Policy click here <a href=\"https:\/\/ocwarchitects.com\/en\/privacy-policy\/\"><u>here<\/u><\/a><\/p>\n<h4><strong><b>Purpose of each of the cookies used<\/b><\/strong><\/h4>\n<p>Below we detail the cookies used on our website and their purpose.<\/p>\n<h4><strong><b>List of cookies used<\/b><\/strong><\/h4>\n<p>Purpose: Functional<\/p>\n<p>Description: Storage or technical access is strictly necessary for the legitimate purpose of allowing the use of a specific service explicitly requested by the subscriber or user, or for the sole purpose of carrying out the transmission of a communication over an electronic communications network. .<\/p>\n<p>Name of the cookie: Functional<\/p>\n<p>Server: ocwarchitects.com<\/p>\n<p>Property: Ocwarchitects SLP<\/p>\n<p>Requires consent: always active<\/p>\n<p>Expires: no<\/p>\n<p>International transfer: does not apply<\/p>\n<p>&#8211;<\/p>\n<p>Purpose: Preferences<\/p>\n<p>Description: Technical storage or access is necessary for the legitimate purpose of storing preferences not requested by the subscriber or user.<\/p>\n<p>Name of the cookie: Preferences<\/p>\n<p>Server: ocwarchitects.com<\/p>\n<p>Property: Ocwarchitects SLP<\/p>\n<p>Requires consent: yes<\/p>\n<p>Expires: no<\/p>\n<p>International transfer: does not apply<\/p>\n<p>&#8211;<\/p>\n<p>Purpose: Marketing<\/p>\n<p>Description: Storage or technical access is necessary to create user profiles to send advertising, or to track the user on a website or several websites for similar marketing purposes.<\/p>\n<p>Name of the cookie: Marketing<\/p>\n<p>Server: ocwarchitects.com<\/p>\n<p>Property: Ocwarchitects SLP<\/p>\n<p>Requires consent: yes<\/p>\n<p>Expires: no<\/p>\n<p>International transfer: does not apply<\/p>\t\t\t\t\t\t\t\t<\/div>\n\t\t\t\t<\/div>\n\t\t\t\t\t<\/div>\n\t\t\t\t<\/div>\n\t\t\t\t<\/div>","protected":false},"excerpt":{"rendered":"<p>Pol\u00edtica de Cookies Responsable del tratamiento: OCWARCHITECTS SLP, con domicilio social en Calle Miguel \u00c1ngel Catal\u00e1n Sa\u00f1udo, Local 10, MARBELLA M\u00c1LAGA. Contacto Delegado Protecci\u00f3n de Datos:\u00a0INFO@OCWARCHITECTS.COM. El acceso a este Sitio Web puede implicar la utilizaci\u00f3n de cookies. En la presente Pol\u00edtica de Cookies encontrar\u00e1s la descripci\u00f3n y finalidad de cada una de las cookies [&hellip;]<\/p>\n","protected":false},"author":2,"featured_media":0,"parent":0,"menu_order":0,"comment_status":"closed","ping_status":"open","template":"","meta":{"site-sidebar-layout":"default","site-content-layout":"","ast-site-content-layout":"default","site-content-style":"default","site-sidebar-style":"default","ast-global-header-display":"","ast-banner-title-visibility":"","ast-main-header-display":"","ast-hfb-above-header-display":"","ast-hfb-below-header-display":"","ast-hfb-mobile-header-display":"","site-post-title":"disabled","ast-breadcrumbs-content":"","ast-featured-img":"","footer-sml-layout":"","ast-disable-related-posts":"","theme-transparent-header-meta":"","adv-header-id-meta":"","stick-header-meta":"","header-above-stick-meta":"","header-main-stick-meta":"","header-below-stick-meta":"","astra-migrate-meta-layouts":"set","ast-page-background-enabled":"default","ast-page-background-meta":{"desktop":{"background-color":"","background-image":"","background-repeat":"repeat","background-position":"center center","background-size":"auto","background-attachment":"scroll","background-type":"","background-media":"","overlay-type":"","overlay-color":"","overlay-opacity":"","overlay-gradient":""},"tablet":{"background-color":"","background-image":"","background-repeat":"repeat","background-position":"center center","background-size":"auto","background-attachment":"scroll","background-type":"","background-media":"","overlay-type":"","overlay-color":"","overlay-opacity":"","overlay-gradient":""},"mobile":{"background-color":"","background-image":"","background-repeat":"repeat","background-position":"center center","background-size":"auto","background-attachment":"scroll","background-type":"","background-media":"","overlay-type":"","overlay-color":"","overlay-opacity":"","overlay-gradient":""}},"ast-content-background-meta":{"desktop":{"background-color":"var(--ast-global-color-5)","background-image":"","background-repeat":"repeat","background-position":"center center","background-size":"auto","background-attachment":"scroll","background-type":"","background-media":"","overlay-type":"","overlay-color":"","overlay-opacity":"","overlay-gradient":""},"tablet":{"background-color":"var(--ast-global-color-5)","background-image":"","background-repeat":"repeat","background-position":"center center","background-size":"auto","background-attachment":"scroll","background-type":"","background-media":"","overlay-type":"","overlay-color":"","overlay-opacity":"","overlay-gradient":""},"mobile":{"background-color":"var(--ast-global-color-5)","background-image":"","background-repeat":"repeat","background-position":"center center","background-size":"auto","background-attachment":"scroll","background-type":"","background-media":"","overlay-type":"","overlay-color":"","overlay-opacity":"","overlay-gradient":""}},"footnotes":""},"class_list":["post-2295","page","type-page","status-publish","hentry"],"yoast_head":"<!-- This site is optimized with the Yoast SEO plugin v27.4 - https:\/\/yoast.com\/product\/yoast-seo-wordpress\/ -->\n<title>Cookies - ocwarchitects.com<\/title>\n<meta name=\"description\" content=\"OCWA (Office for Co-Working Architects) Arquitectos en Marbella comprometidos con la arquitectura funcional, respetuosa con el entorno y que cumpla con las necesidades del usuario.\" \/>\n<meta name=\"robots\" content=\"index, follow, max-snippet:-1, max-image-preview:large, max-video-preview:-1\" \/>\n<link rel=\"canonical\" href=\"https:\/\/ocwarchitects.com\/en\/cookies\/\" \/>\n<meta property=\"og:locale\" content=\"en_US\" \/>\n<meta property=\"og:type\" content=\"article\" \/>\n<meta property=\"og:title\" content=\"Cookies - ocwarchitects.com\" \/>\n<meta property=\"og:description\" content=\"OCWA (Office for Co-Working Architects) Arquitectos en Marbella comprometidos con la arquitectura funcional, respetuosa con el entorno y que cumpla con las necesidades del usuario.\" \/>\n<meta property=\"og:url\" content=\"https:\/\/ocwarchitects.com\/en\/cookies\/\" \/>\n<meta property=\"og:site_name\" content=\"ocwarchitects.com\" \/>\n<meta property=\"article:modified_time\" content=\"2025-03-11T14:47:57+00:00\" \/>\n<meta property=\"og:image\" content=\"https:\/\/ocwarchitects.com\/wp-content\/uploads\/2025\/03\/Logo.png\" \/>\n\t<meta property=\"og:image:width\" content=\"1200\" \/>\n\t<meta property=\"og:image:height\" content=\"675\" \/>\n\t<meta property=\"og:image:type\" content=\"image\/png\" \/>\n<meta name=\"twitter:card\" content=\"summary_large_image\" \/>\n<meta name=\"twitter:label1\" content=\"Est. reading time\" \/>\n\t<meta name=\"twitter:data1\" content=\"7 minutes\" \/>\n<script type=\"application\/ld+json\" class=\"yoast-schema-graph\">{\"@context\":\"https:\\\/\\\/schema.org\",\"@graph\":[{\"@type\":\"WebPage\",\"@id\":\"https:\\\/\\\/ocwarchitects.com\\\/cookies\\\/\",\"url\":\"https:\\\/\\\/ocwarchitects.com\\\/cookies\\\/\",\"name\":\"Cookies - ocwarchitects.com\",\"isPartOf\":{\"@id\":\"https:\\\/\\\/ocwarchitects.com\\\/#website\"},\"datePublished\":\"2024-12-26T15:06:30+00:00\",\"dateModified\":\"2025-03-11T14:47:57+00:00\",\"description\":\"OCWA (Office for Co-Working Architects) Arquitectos en Marbella comprometidos con la arquitectura funcional, respetuosa con el entorno y que cumpla con las necesidades del usuario.\",\"breadcrumb\":{\"@id\":\"https:\\\/\\\/ocwarchitects.com\\\/cookies\\\/#breadcrumb\"},\"inLanguage\":\"en-US\",\"potentialAction\":[{\"@type\":\"ReadAction\",\"target\":[\"https:\\\/\\\/ocwarchitects.com\\\/cookies\\\/\"]}]},{\"@type\":\"BreadcrumbList\",\"@id\":\"https:\\\/\\\/ocwarchitects.com\\\/cookies\\\/#breadcrumb\",\"itemListElement\":[{\"@type\":\"ListItem\",\"position\":1,\"name\":\"Portada\",\"item\":\"https:\\\/\\\/ocwarchitects.com\\\/\"},{\"@type\":\"ListItem\",\"position\":2,\"name\":\"Cookies\"}]},{\"@type\":\"WebSite\",\"@id\":\"https:\\\/\\\/ocwarchitects.com\\\/#website\",\"url\":\"https:\\\/\\\/ocwarchitects.com\\\/\",\"name\":\"ocwarchitects.com\",\"description\":\"OCWA Architects fue creado para dar respuesta al desarrollo y gesti\u00f3n de una gran variedad de proyectos de diferentes complejidades y programas; Para lograr esto, crearon una cooperativa basada en el trabajo colaborativo de profesionales como arquitectos, urbanistas, dise\u00f1adores y artistas. Responden a problemas con soluciones y se aseguran de entregar su proyecto cumpliendo con las m\u00e1s altas expectativas de sus clientes\",\"publisher\":{\"@id\":\"https:\\\/\\\/ocwarchitects.com\\\/#organization\"},\"alternateName\":\"Office for Co-working Architects\",\"potentialAction\":[{\"@type\":\"SearchAction\",\"target\":{\"@type\":\"EntryPoint\",\"urlTemplate\":\"https:\\\/\\\/ocwarchitects.com\\\/?s={search_term_string}\"},\"query-input\":{\"@type\":\"PropertyValueSpecification\",\"valueRequired\":true,\"valueName\":\"search_term_string\"}}],\"inLanguage\":\"en-US\"},{\"@type\":\"Organization\",\"@id\":\"https:\\\/\\\/ocwarchitects.com\\\/#organization\",\"name\":\"OCWA\",\"alternateName\":\"Office for Co-Working Architects\",\"url\":\"https:\\\/\\\/ocwarchitects.com\\\/\",\"logo\":{\"@type\":\"ImageObject\",\"inLanguage\":\"en-US\",\"@id\":\"https:\\\/\\\/ocwarchitects.com\\\/#\\\/schema\\\/logo\\\/image\\\/\",\"url\":\"https:\\\/\\\/ocwarchitects.com\\\/wp-content\\\/uploads\\\/2025\\\/03\\\/Logo.png\",\"contentUrl\":\"https:\\\/\\\/ocwarchitects.com\\\/wp-content\\\/uploads\\\/2025\\\/03\\\/Logo.png\",\"width\":1200,\"height\":675,\"caption\":\"OCWA\"},\"image\":{\"@id\":\"https:\\\/\\\/ocwarchitects.com\\\/#\\\/schema\\\/logo\\\/image\\\/\"},\"sameAs\":[\"https:\\\/\\\/www.instagram.com\\\/ocwarchitects\\\/\",\"https:\\\/\\\/www.linkedin.com\\\/company\\\/office-for-co-working-architects\"]}]}<\/script>\n<!-- \/ Yoast SEO plugin. -->","yoast_head_json":{"title":"Cookies - ocwarchitects.com","description":"OCWA (Office for Co-Working Architects) Arquitectos en Marbella comprometidos con la arquitectura funcional, respetuosa con el entorno y que cumpla con las necesidades del usuario.","robots":{"index":"index","follow":"follow","max-snippet":"max-snippet:-1","max-image-preview":"max-image-preview:large","max-video-preview":"max-video-preview:-1"},"canonical":"https:\/\/ocwarchitects.com\/en\/cookies\/","og_locale":"en_US","og_type":"article","og_title":"Cookies - ocwarchitects.com","og_description":"OCWA (Office for Co-Working Architects) Arquitectos en Marbella comprometidos con la arquitectura funcional, respetuosa con el entorno y que cumpla con las necesidades del usuario.","og_url":"https:\/\/ocwarchitects.com\/en\/cookies\/","og_site_name":"ocwarchitects.com","article_modified_time":"2025-03-11T14:47:57+00:00","og_image":[{"width":1200,"height":675,"url":"https:\/\/ocwarchitects.com\/wp-content\/uploads\/2025\/03\/Logo.png","type":"image\/png"}],"twitter_card":"summary_large_image","twitter_misc":{"Est. reading time":"7 minutes"},"schema":{"@context":"https:\/\/schema.org","@graph":[{"@type":"WebPage","@id":"https:\/\/ocwarchitects.com\/cookies\/","url":"https:\/\/ocwarchitects.com\/cookies\/","name":"Cookies - ocwarchitects.com","isPartOf":{"@id":"https:\/\/ocwarchitects.com\/#website"},"datePublished":"2024-12-26T15:06:30+00:00","dateModified":"2025-03-11T14:47:57+00:00","description":"OCWA (Office for Co-Working Architects) Arquitectos en Marbella comprometidos con la arquitectura funcional, respetuosa con el entorno y que cumpla con las necesidades del usuario.","breadcrumb":{"@id":"https:\/\/ocwarchitects.com\/cookies\/#breadcrumb"},"inLanguage":"en-US","potentialAction":[{"@type":"ReadAction","target":["https:\/\/ocwarchitects.com\/cookies\/"]}]},{"@type":"BreadcrumbList","@id":"https:\/\/ocwarchitects.com\/cookies\/#breadcrumb","itemListElement":[{"@type":"ListItem","position":1,"name":"Portada","item":"https:\/\/ocwarchitects.com\/"},{"@type":"ListItem","position":2,"name":"Cookies"}]},{"@type":"WebSite","@id":"https:\/\/ocwarchitects.com\/#website","url":"https:\/\/ocwarchitects.com\/","name":"ocwarchitects.com","description":"OCWA Architects fue creado para dar respuesta al desarrollo y gesti\u00f3n de una gran variedad de proyectos de diferentes complejidades y programas; Para lograr esto, crearon una cooperativa basada en el trabajo colaborativo de profesionales como arquitectos, urbanistas, dise\u00f1adores y artistas. Responden a problemas con soluciones y se aseguran de entregar su proyecto cumpliendo con las m\u00e1s altas expectativas de sus clientes","publisher":{"@id":"https:\/\/ocwarchitects.com\/#organization"},"alternateName":"Office for Co-working Architects","potentialAction":[{"@type":"SearchAction","target":{"@type":"EntryPoint","urlTemplate":"https:\/\/ocwarchitects.com\/?s={search_term_string}"},"query-input":{"@type":"PropertyValueSpecification","valueRequired":true,"valueName":"search_term_string"}}],"inLanguage":"en-US"},{"@type":"Organization","@id":"https:\/\/ocwarchitects.com\/#organization","name":"OCWA","alternateName":"Office for Co-Working Architects","url":"https:\/\/ocwarchitects.com\/","logo":{"@type":"ImageObject","inLanguage":"en-US","@id":"https:\/\/ocwarchitects.com\/#\/schema\/logo\/image\/","url":"https:\/\/ocwarchitects.com\/wp-content\/uploads\/2025\/03\/Logo.png","contentUrl":"https:\/\/ocwarchitects.com\/wp-content\/uploads\/2025\/03\/Logo.png","width":1200,"height":675,"caption":"OCWA"},"image":{"@id":"https:\/\/ocwarchitects.com\/#\/schema\/logo\/image\/"},"sameAs":["https:\/\/www.instagram.com\/ocwarchitects\/","https:\/\/www.linkedin.com\/company\/office-for-co-working-architects"]}]}},"_links":{"self":[{"href":"https:\/\/ocwarchitects.com\/en\/wp-json\/wp\/v2\/pages\/2295","targetHints":{"allow":["GET"]}}],"collection":[{"href":"https:\/\/ocwarchitects.com\/en\/wp-json\/wp\/v2\/pages"}],"about":[{"href":"https:\/\/ocwarchitects.com\/en\/wp-json\/wp\/v2\/types\/page"}],"author":[{"embeddable":true,"href":"https:\/\/ocwarchitects.com\/en\/wp-json\/wp\/v2\/users\/2"}],"replies":[{"embeddable":true,"href":"https:\/\/ocwarchitects.com\/en\/wp-json\/wp\/v2\/comments?post=2295"}],"version-history":[{"count":28,"href":"https:\/\/ocwarchitects.com\/en\/wp-json\/wp\/v2\/pages\/2295\/revisions"}],"predecessor-version":[{"id":3069,"href":"https:\/\/ocwarchitects.com\/en\/wp-json\/wp\/v2\/pages\/2295\/revisions\/3069"}],"wp:attachment":[{"href":"https:\/\/ocwarchitects.com\/en\/wp-json\/wp\/v2\/media?parent=2295"}],"curies":[{"name":"wp","href":"https:\/\/api.w.org\/{rel}","templated":true}]}}